{"id":1318,"date":"2019-05-07T18:56:02","date_gmt":"2019-05-07T09:56:02","guid":{"rendered":"https:\/\/home.nasunogahara.kokosil.net\/?page_id=1318"},"modified":"2019-05-07T18:56:02","modified_gmt":"2019-05-07T09:56:02","slug":"story","status":"publish","type":"page","link":"https:\/\/home.nasunogahara.kokosil.net\/de\/story","title":{"rendered":"Die Geschichte von Nasunogahara"},"content":{"rendered":"<div class=\"vp\">\n<h3>Nasunogahara: Eine fortbestehende Erinnerung an die Meiji Zeit<\/h3>\n<p>W\u00e4hrend man durch die langen Zedernweg geht, er\u00f6ffnet sich pl\u00f6tzlich der Blick auf ein Geb\u00e4ude unter klarem blauem Himmel. Das wei\u00dfe Landhaus im westlichen Stil ist zusammengesetzt aus einem Hallenbau mit einem zentralen Aussichtsturm und zwei terrassierten Fl\u00fcgeln, die sich nach beiden Seiten erstrecken. Eine n\u00e4here Betrachtung zeigt eine wei\u00dfdekorierte Fassade, Schiefer in Efeuform und die einzigartigen Konturen eines Lichtfensters, welches vom Dach aus strahlt. Dieses Geb\u00e4ude, das aussieht als entstamme es einem Film mit einer adeligen Frau die einen Sonnenschirm tr\u00e4gt, ist die fr\u00fchere Villa des Viscount Aoki Shuzo, Aussenminister der Meiji Regierung. Und dies ist nur eine der vielen aufw\u00e4ndigen und ausgedehnten Villen, welche entlang der n\u00f6rdlichen R\u00e4nder der japanischen Kanto region verteilt sind, unbewusst des L\u00e4rms der sie umgebenden St\u00e4dte.<\/p>\n<p>Es gab eine Zeit w\u00e4hrend der Meiji und Showa \u00c4ren, als Nasunogahara, Japans gr\u00f6\u00dfter Schwemmkegel in der n\u00f6rdlichen Pr\u00e4fektur Tochigi, voll war mit gro\u00dffl\u00e4chigen Farmen. Die verbleibenden Villen sind wertvolle Zeitzeugen der Vergangenheit dieser Region. Die Menschen, die diese Farmen erschufen, waren \u00e4ltere Staatsm\u00e4nner die bei der Meiji Restauration mitgewirkt hatten und Aristokraten mit wichtigen Posten in der Meiji Regierung: Der sogenannte \u201cAdel\u201d. Und hinter der Entstehung dieser Farmen standen bestimmte Ma\u00dfnahmen, welche die Meiji Regierung vorantrieb.<\/p>\n<div class=\"row\">\n<div class=\"col-md-6\">\n<p><img decoding=\"async\" loading=\"lazy\" class=\"aligncenter size-full wp-image-292\" src=\"https:\/\/home.nasunogahara.kokosil.net\/wp-content\/uploads\/2018\/12\/01.jpg\" alt=\"\" width=\"622\" height=\"463\" srcset=\"https:\/\/home.nasunogahara.kokosil.net\/wp-content\/uploads\/2018\/12\/01.jpg 622w, https:\/\/home.nasunogahara.kokosil.net\/wp-content\/uploads\/2018\/12\/01-230x171.jpg 230w\" sizes=\"(max-width: 622px) 100vw, 622px\" \/><\/p>\n<div class=\"caption\">Villa auf dem Grund der alten Aoki Farm<\/div>\n<\/div>\n<div class=\"col-md-6\">\n<p><img decoding=\"async\" loading=\"lazy\" class=\"aligncenter size-full wp-image-292\" src=\"https:\/\/home.nasunogahara.kokosil.net\/wp-content\/uploads\/2018\/12\/02.jpg\" alt=\"\" width=\"622\" height=\"463\" \/><\/p>\n<div class=\"caption\">Villa auf dem Gel\u00e4nde der Yamagata Farm<\/div>\n<\/div>\n<\/div>\n<h3>Urbarmachung eines ausgedehnten Brachlandes &#8211; Die Gr\u00fcndung der Adelsfarmen<\/h3>\n<p>Nur 150km von der Hauptstadt Tokyo entfernt, war dieses Gebiet unbewohnbares Brachland bis zum Begin der Meiji Zeit. Die Gesamtfl\u00e4che von Nasunogahara betr\u00e4gt ca. 40 000 Hektar. Aufgrund der gro\u00dfen Ansammlung von Sediment und Vulkanstein um das Mittelst\u00fcck des Schwammkegels versinkt das Wasser der Fl\u00fcsse Sabigawa und Kumagawa, welche durch diese Region flie\u00dfen, in der Erde. Zur\u00fcck bleibt nur ein trockenes Flu\u00dfbett auf einer Strecke von beinahe 10km. An einigen Stellen kann der Sabigawa sogar mit dem Auto \u00fcberquert werden. Wenn man ins steinige Flu\u00dfbett herabsteigt ist es leicht eine Vorstellung von der Zeit zu gewinnen, als nicht einmal genug Wasser vorhanden war um es mit der Hand zu sch\u00f6pfen.<\/p>\n<p>Dieses \u201cextreme Flachland\u201d war jedoch zur Kultiviereung von der Regierung vorgesehen, die eine Strategie vorgesehen hatte die es neuen Industriezweigen vereinfachen sollte den westlichen M\u00e4chten stand zu halten. Zu diesem Zweck wurden Farmen, finanziert durch den Adel, in schneller Folge in den 1880er und 1890er Jahren errichtet.<\/p>\n<p>Diese Bauernh\u00f6fe des Adels wendeten ein westliches Produktionssystem mit extensiver Bewirtschaftung an. Zahlreiche Anstrengungen wurden unternommen mit dem Schwerpunkt der Kultivierung, Viehzucht und Aufforstung. Kultivierung von Trauben und Weinreben wurde ebenfalls von einem fr\u00fchen Zeitpunkt an betrieben. Die Weinproduktion hatte bereits begonnen im Jahre 1884, und zu diesem Zeitpunkt wurde Wein am Tisch der Bauern serviert. So wie der \u201cRokumei-kan Pavilion\u201d in der Hauptstadt die Europ\u00e4isierungsstrategie symbolisierte, waren die Farmen ein \u00dcbungsfeld f\u00fcr die Einf\u00fchrung westlicher Kultur in die Aussenposten. Oder vielleicht r\u00fchrte das Vorgehen der Adeligen her aus ihrer Bewunderung f\u00fcr den Lebensstil der europ\u00e4ischen Aristokratie, und aus den Landsitzen, welche diesen erm\u00f6glichten, und welche sie w\u00e4hrend dem Auslandsstudium in Ihrer Jugend gesehen hatten.<\/p>\n<p>Trotz der beeindruckenden Entwicklung dieser Adelsfarmen war die Urbarmachung des Brachlands keinesweige eine leichte Aufgabe. Viele Farmen wurden gerade so durch private Gelder instandgehalten, aufgebracht von ihren Besitzern ohne R\u00fccksicht auf Wirtschaftlichkeit. Der Grund daf\u00fcr war nicht nur, dass sie determiniert waren eine neue Nation zu gr\u00fcnden, sondern mehr als alles andere hatten sie auch eine tiefe Verbundenheit zum Land. Viele Farmbesitzer lie\u00dfen sich freiwillig hier begraben, und viele andere sind in einem Schrein verwahrt der ihren Namen tr\u00e4gt. Angetrieben durch ihre Hingabe begann Nasunogahara sich allm\u00e4hlich zu verwandeln.<\/p>\n<div class=\"row\">\n<div class=\"col-md-6\"><img decoding=\"async\" loading=\"lazy\" class=\"aligncenter size-full wp-image-292\" src=\"https:\/\/home.nasunogahara.kokosil.net\/wp-content\/uploads\/2018\/12\/03.jpg\" alt=\"\" width=\"622\" height=\"463\" \/><\/p>\n<div class=\"caption\">Das trockene Flu\u00dfbett des Sabigawa<\/div>\n<\/div>\n<div class=\"col-md-6\"><img decoding=\"async\" loading=\"lazy\" class=\"aligncenter size-full wp-image-292\" src=\"https:\/\/home.nasunogahara.kokosil.net\/wp-content\/uploads\/2018\/12\/04.jpg\" alt=\"\" width=\"622\" height=\"463\" \/><\/p>\n<div class=\"caption\">Wein der seit 1884 produziert wird<\/div>\n<\/div>\n<\/div>\n<h3>Landschaften erzeugt durch die H\u00f6fe des Adels<\/h3>\n<p>Eine der ber\u00fchmtesten Gro\u00dfraumfarmen des Adels war die \u201cSenbonmatsu Farm\u201d, gegr\u00fcndet durch den Prinzen Matsukata Masayoshi, welcher wichtige Posten innehatte wie etwa den des Premierministers und Finanzministers. Matsutaka war \u00fcberzeugt, dass extensive Bewirtschaftung im westlichen Stil die optimale Methode war um Land mit unzureichender Wasserversorgung zu bewirtschaften. Er f\u00fchrte Ger\u00e4tschaften im westlichen Stil ein um ein enormes St\u00fcck Land zu kultivieren, welches zeitweise bis zu 1600 Hektar betrug. Die heutige Senbonmatsu Farm tr\u00e4gt immernoch Spuren der Vergangenheit und beinhaltet eine gro\u00dfe Weide, Futterfarm und einen Tieflandwald mit einer Gesamtfl\u00e4che von 800 Hektar. Die Villa auf dem Anwesen des Hofs ist ein zweist\u00f6ckiges Geb\u00e4ude mit einem glasbedeckten Sonnendach auf der S\u00fcdseite. Die Front des Hauses ist im ersten Stock mit Oya-ishi Steinen dekoriert und erzeugt beim Betrachter den Eindruck eines massiven, schweren Steinhauses.<\/p>\n<p>Der Adel, der Farmen in einer einst unbewohnbaren Wildnis gr\u00fcndete, erzeugte auch \u201cSt\u00e4dte\u201d, welche Menschen in die Region zogen. Die Macht und Autorit\u00e4t zogen Eisenbahnen und Landstra\u00dfen an, welche zum Aussenposten f\u00fchrten, und das Farmland wurde mit Pr\u00e4zision neu ausgerichtet um neue Siedler, welche bei der Urbarmachung halfen, miteinzubeziehen.<\/p>\n<p>Im Jahr 1885 wurde der Nasu Kanal ge\u00f6ffnet um die Versorgung mit Wasser, welches unabdingbar f\u00fcr die Entwicklung war, zu gew\u00e4hrleisten. Das Wasser aus dem Flu\u00df wird aufgeteilt in vier Routen und bewegt sich durch Nasunogahara um das Land fruchtbar zu machen. Flu\u00dfabw\u00e4rts befand sich immer eine Farm des Adels. Von dort aus teilte sich der Strom wie Kapillare, und versorgt noch heute die einst urbar gemachten Reisfelder mit Wasser.<\/p>\n<div class=\"row\">\n<div class=\"col-md-4\"><img decoding=\"async\" loading=\"lazy\" class=\"aligncenter size-full wp-image-292\" src=\"https:\/\/home.nasunogahara.kokosil.net\/wp-content\/uploads\/2018\/12\/05.jpg\" alt=\"\" width=\"622\" height=\"463\" \/><\/p>\n<div class=\"caption\">Eine Villa auf dem Grund der Senbonmatsu Farm<\/div>\n<\/div>\n<div class=\"col-md-4\">\n<p><img decoding=\"async\" loading=\"lazy\" class=\"aligncenter size-full wp-image-292\" src=\"https:\/\/home.nasunogahara.kokosil.net\/wp-content\/uploads\/2018\/12\/06.jpg\" alt=\"\" width=\"622\" height=\"463\" \/><\/p>\n<div class=\"caption\">Das Land wurde neu ausgerichtet zu einem Gittermuster<\/div>\n<\/div>\n<div class=\"col-md-4\"><img decoding=\"async\" loading=\"lazy\" class=\"aligncenter size-full wp-image-292\" src=\"https:\/\/home.nasunogahara.kokosil.net\/wp-content\/uploads\/2018\/12\/07.jpg\" alt=\"\" width=\"622\" height=\"463\" \/><\/p>\n<div class=\"caption\">Die Aufnahmeeinrichtigung des Nasu Kanals, welcher Nasunogahara mit Wasser versorgt<\/div>\n<\/div>\n<\/div>\n<h3>Vom \u201cTraum des Adels\u201d zum \u201cMolkerei Imperium\u201d<\/h3>\n<p>Die Urbarmachung, welche mit der Gr\u00fcndung der Adelsh\u00f6fe in der Meiji Zeit began, wurde w\u00e4hrend der Showa Zeit fortgef\u00fchrt, bis sie nach dem Krieg an Pioniergruppen \u00fcbertragen wurde. Zu diesem Zeitpunkt hatte sich das Einsatzgebiet in h\u00fcgelige Regionen verlagert, welches zuvor als unkultivierbar eingestuft worden war. Milit\u00e4rreservate und Nationalw\u00e4lder wurden errichtet und das unkultivierte Gel\u00e4nde von Nasunogahara st\u00fcckweise eliminiert.<\/p>\n<p>Seit der Einf\u00fchrung der Viehzucht w\u00e4hrend der Meiji \u00c4ra hatte sich das Haupt-Hoftier vom Schaf gewandelt zur Milchkuh. Und mit technologischer Innovation und Verbesserungen der Produktivit\u00e4t, steigerten sich die Dimensionen der Bauernh\u00f6fe. In kurzer Zeit wuchs die Region zu einer der gr\u00f6\u00dften Weideregionen der Nation, und zum gr\u00f6\u00dften Poduzenten von Milch auf Japans Hauptinsel.<\/p>\n<p>F\u00e4hrt man entlang der Pr\u00e4fekturstra\u00dfe welche durch Nasunogahara verl\u00e4uft, kann man einen Panoramaausblick erleben der charakteristisch ist f\u00fcr Schwemmkegel: Gr\u00fcnde Weiden und Tieflandw\u00e4lder auf einer geraden Ebene, mit den majest\u00e4tischen Formen der Nasu Bergkette im Hintergrund. Es gibt keine Spur mehr des einst brachen Lands. Dies ist eine Landschaft die erschaffen wurde durch die Geschichte der Urbarmachung von Nasunogahara, welche nahtlos seit der Meiji Zeit weitergef\u00fchrt wurde. Eine stattliches Landschaftsbild, welches sich unverwechselbar abhebt von den \u00fcblichen l\u00e4ndlichen Regionen Japans.<\/p>\n<p>Besucher k\u00f6nnen die Sch\u00f6nheit der Jahreszeiten erleben, sich in die Natur begeben und die Fr\u00fcchte der Erde kosten. Die Villen, welche verteilt sind \u00fcber die Region, eingeh\u00fcllt in eine and\u00e4chtige Stille, erz\u00e4hlen uns von der gro\u00dfen Bewunderung europ\u00e4ischer Kultur ihrer ehemaligen Besitzer und ihrem Ehrgeiz eine moderne Nation zu erschaffen.<\/p>\n<p>Ein Ort, der seine Besucher Willkommen hei\u00dft mit einer sanften Hochlandbrise und der eindrucksvollen Geschichte des Meiji Adels. Das ist Nasunogahara.<\/p>\n<div class=\"row\">\n<div class=\"col-md-6\"><img decoding=\"async\" loading=\"lazy\" class=\"aligncenter size-full wp-image-292\" src=\"https:\/\/home.nasunogahara.kokosil.net\/wp-content\/uploads\/2018\/12\/08.jpg\" alt=\"\" width=\"622\" height=\"463\" \/><\/p>\n<div class=\"caption\">Das Weideland des Nasu Plateaus<\/div>\n<\/div>\n<div class=\"col-md-6\"><img decoding=\"async\" loading=\"lazy\" class=\"aligncenter size-full wp-image-292\" src=\"https:\/\/home.nasunogahara.kokosil.net\/wp-content\/uploads\/2018\/12\/09.jpg\" alt=\"\" width=\"622\" height=\"463\" \/><\/p>\n<div class=\"caption\">Blick auf den Zedernweg aus der Aoki Villa<\/div>\n<\/div>\n<\/div>\n<\/div>\n<hr \/>\n","protected":false},"excerpt":{"rendered":"<p>Nasunogahara: Eine fortbestehende Erinnerung an die Meiji Zeit W\u00e4hrend man durch die langen Zedernweg geht, er\u00f6ffnet sich pl\u00f6tzlich der Blick auf ein Geb\u00e4ude unter klarem blauem Himmel. Das wei\u00dfe Landhaus im westlichen Stil ist zusammengesetzt aus einem Hallenbau mit einem zentralen Aussichtsturm und zwei terrassierten Fl\u00fcgeln, die sich nach beiden Seiten erstrecken. Eine n\u00e4here Betrachtung zeigt eine wei\u00dfdekorierte Fassade, Schiefer in Efeuform und die einzigartigen Konturen eines Lichtfensters, welches vom Dach aus strahlt. Dieses Geb\u00e4ude, das aussieht als entstamme es einem Film mit einer adeligen Frau die einen Sonnenschirm tr\u00e4gt, ist die fr\u00fchere Villa des Viscount Aoki Shuzo, Aussenminister der Meiji Regierung. Und dies ist nur eine der vielen aufw\u00e4ndigen [&hellip;]<\/p>\n","protected":false},"author":3,"featured_media":0,"parent":0,"menu_order":0,"comment_status":"closed","ping_status":"closed","template":"","meta":[],"_links":{"self":[{"href":"https:\/\/home.nasunogahara.kokosil.net\/de\/wp-json\/wp\/v2\/pages\/1318"}],"collection":[{"href":"https:\/\/home.nasunogahara.kokosil.net\/de\/wp-json\/wp\/v2\/pages"}],"about":[{"href":"https:\/\/home.nasunogahara.kokosil.net\/de\/wp-json\/wp\/v2\/types\/page"}],"author":[{"embeddable":true,"href":"https:\/\/home.nasunogahara.kokosil.net\/de\/wp-json\/wp\/v2\/users\/3"}],"replies":[{"embeddable":true,"href":"https:\/\/home.nasunogahara.kokosil.net\/de\/wp-json\/wp\/v2\/comments?post=1318"}],"version-history":[{"count":1,"href":"https:\/\/home.nasunogahara.kokosil.net\/de\/wp-json\/wp\/v2\/pages\/1318\/revisions"}],"predecessor-version":[{"id":1319,"href":"https:\/\/home.nasunogahara.kokosil.net\/de\/wp-json\/wp\/v2\/pages\/1318\/revisions\/1319"}],"wp:attachment":[{"href":"https:\/\/home.nasunogahara.kokosil.net\/de\/wp-json\/wp\/v2\/media?parent=1318"}],"curies":[{"name":"wp","href":"https:\/\/api.w.org\/{rel}","templated":true}]}}